{"id":7467,"date":"2024-09-16T08:49:00","date_gmt":"2024-09-16T06:49:00","guid":{"rendered":"https:\/\/institut-uniq.com\/impressum\/"},"modified":"2025-08-06T13:31:13","modified_gmt":"2025-08-06T11:31:13","slug":"impressum","status":"publish","type":"page","link":"https:\/\/institut-uniq.com\/en\/impressum\/","title":{"rendered":"Imprint"},"content":{"rendered":"\t\t<div data-elementor-type=\"wp-page\" data-elementor-id=\"7467\" class=\"elementor elementor-7467 elementor-5540\" data-elementor-settings=\"{&quot;ha_cmc_init_switcher&quot;:&quot;no&quot;}\" data-elementor-post-type=\"page\">\n\t\t\t\t<div class=\"elementor-element elementor-element-9edd627 e-flex e-con-boxed e-con e-parent\" data-id=\"9edd627\" data-element_type=\"container\" data-e-type=\"container\" data-settings=\"{&quot;background_background&quot;:&quot;classic&quot;,&quot;_ha_eqh_enable&quot;:false}\">\n\t\t\t\t\t<div class=\"e-con-inner\">\n\t\t\t\t<div class=\"elementor-element elementor-element-acb936f elementor-widget elementor-widget-image\" data-id=\"acb936f\" data-element_type=\"widget\" data-e-type=\"widget\" data-widget_type=\"image.default\">\n\t\t\t\t<div class=\"elementor-widget-container\">\n\t\t\t\t\t\t\t\t\t\t\t\t\t\t\t\t<a href=\"https:\/\/institut-uniq.com\/en\/\">\n\t\t\t\t\t\t\t<img fetchpriority=\"high\" decoding=\"async\" width=\"1190\" height=\"804\" src=\"https:\/\/institut-uniq.com\/wp-content\/uploads\/2024\/09\/Logo_InstitutUniq_RGB_ZW_pos-ai.webp\" class=\"attachment-full size-full wp-image-7321\" alt=\"Institut Uniq Logo\" srcset=\"https:\/\/institut-uniq.com\/wp-content\/uploads\/2024\/09\/Logo_InstitutUniq_RGB_ZW_pos-ai.webp 1190w, https:\/\/institut-uniq.com\/wp-content\/uploads\/2024\/09\/Logo_InstitutUniq_RGB_ZW_pos-ai-300x203.webp 300w, https:\/\/institut-uniq.com\/wp-content\/uploads\/2024\/09\/Logo_InstitutUniq_RGB_ZW_pos-ai-1024x692.webp 1024w, https:\/\/institut-uniq.com\/wp-content\/uploads\/2024\/09\/Logo_InstitutUniq_RGB_ZW_pos-ai-768x519.webp 768w\" sizes=\"(max-width: 1190px) 100vw, 1190px\" \/>\t\t\t\t\t\t\t\t<\/a>\n\t\t\t\t\t\t\t\t\t\t\t\t\t\t\t<\/div>\n\t\t\t\t<\/div>\n\t\t\t\t<div class=\"elementor-element elementor-element-36a86a0 elementor-widget elementor-widget-heading\" data-id=\"36a86a0\" data-element_type=\"widget\" data-e-type=\"widget\" data-widget_type=\"heading.default\">\n\t\t\t\t<div class=\"elementor-widget-container\">\n\t\t\t\t\t<h1 class=\"elementor-heading-title elementor-size-default\">Imprint<\/h1>\t\t\t\t<\/div>\n\t\t\t\t<\/div>\n\t\t\t\t\t<\/div>\n\t\t\t\t<\/div>\n\t\t<div class=\"elementor-element elementor-element-661937f e-flex e-con-boxed e-con e-parent\" data-id=\"661937f\" data-element_type=\"container\" data-e-type=\"container\" data-settings=\"{&quot;background_background&quot;:&quot;classic&quot;,&quot;_ha_eqh_enable&quot;:false}\">\n\t\t\t\t\t<div class=\"e-con-inner\">\n\t\t\t\t<div class=\"elementor-element elementor-element-3bb2f8e elementor-widget elementor-widget-heading\" data-id=\"3bb2f8e\" data-element_type=\"widget\" data-e-type=\"widget\" data-widget_type=\"heading.default\">\n\t\t\t\t<div class=\"elementor-widget-container\">\n\t\t\t\t\t<h2 class=\"elementor-heading-title elementor-size-default\">Imprint<\/h2>\t\t\t\t<\/div>\n\t\t\t\t<\/div>\n\t\t\t\t<div class=\"elementor-element elementor-element-819d549 elementor-widget elementor-widget-text-editor\" data-id=\"819d549\" data-element_type=\"widget\" data-e-type=\"widget\" data-widget_type=\"text-editor.default\">\n\t\t\t\t<div class=\"elementor-widget-container\">\n\t\t\t\t\t\t\t\t\t<p>Maria Wiedner<br>Institut Uniq &#8211; Dr. Richter | Dr. Wiedner<br>Practice for Plastic and Aesthetic Surgery<br>Schloss Bensberg &#8211; Kadettenstrasse<br>Vorderhaus Nord<br>51429 Bergisch Gladbach<\/p>\t\t\t\t\t\t\t\t<\/div>\n\t\t\t\t<\/div>\n\t\t\t\t<div class=\"elementor-element elementor-element-9e44152 elementor-widget elementor-widget-heading\" data-id=\"9e44152\" data-element_type=\"widget\" data-e-type=\"widget\" data-widget_type=\"heading.default\">\n\t\t\t\t<div class=\"elementor-widget-container\">\n\t\t\t\t\t<h2 class=\"elementor-heading-title elementor-size-default\">Contact<\/h2>\t\t\t\t<\/div>\n\t\t\t\t<\/div>\n\t\t\t\t<div class=\"elementor-element elementor-element-7aa5f49 elementor-widget elementor-widget-text-editor\" data-id=\"7aa5f49\" data-element_type=\"widget\" data-e-type=\"widget\" data-widget_type=\"text-editor.default\">\n\t\t\t\t<div class=\"elementor-widget-container\">\n\t\t\t\t\t\t\t\t\t<p>Phone: +49 221 98650900<br>Email: info@institut-uniq.com<\/p>\t\t\t\t\t\t\t\t<\/div>\n\t\t\t\t<\/div>\n\t\t\t\t<div class=\"elementor-element elementor-element-9485070 elementor-widget elementor-widget-heading\" data-id=\"9485070\" data-element_type=\"widget\" data-e-type=\"widget\" data-widget_type=\"heading.default\">\n\t\t\t\t<div class=\"elementor-widget-container\">\n\t\t\t\t\t<h2 class=\"elementor-heading-title elementor-size-default\">VAT ID<\/h2>\t\t\t\t<\/div>\n\t\t\t\t<\/div>\n\t\t\t\t<div class=\"elementor-element elementor-element-8325ab9 elementor-widget elementor-widget-text-editor\" data-id=\"8325ab9\" data-element_type=\"widget\" data-e-type=\"widget\" data-widget_type=\"text-editor.default\">\n\t\t\t\t<div class=\"elementor-widget-container\">\n\t\t\t\t\t\t\t\t\t<p>VAT Identification Number according to \u00a7 27 a Value Added Tax Act:<br>DE347889579<\/p>\t\t\t\t\t\t\t\t<\/div>\n\t\t\t\t<\/div>\n\t\t\t\t<div class=\"elementor-element elementor-element-09fae71 elementor-widget elementor-widget-heading\" data-id=\"09fae71\" data-element_type=\"widget\" data-e-type=\"widget\" data-widget_type=\"heading.default\">\n\t\t\t\t<div class=\"elementor-widget-container\">\n\t\t\t\t\t<h2 class=\"elementor-heading-title elementor-size-default\">Professional Title and Professional Regulations<\/h2>\t\t\t\t<\/div>\n\t\t\t\t<\/div>\n\t\t\t\t<div class=\"elementor-element elementor-element-06de9d3 elementor-widget elementor-widget-text-editor\" data-id=\"06de9d3\" data-element_type=\"widget\" data-e-type=\"widget\" data-widget_type=\"text-editor.default\">\n\t\t\t\t<div class=\"elementor-widget-container\">\n\t\t\t\t\t\t\t\t\t<p>Professional Title:<br>Specialists in Plastic and Aesthetic Surgery<\/p><p>Competent Chamber:<br>Medical Association North Rhine<br>Tersteegenstra\u00dfe 9<br>40474 D\u00fcsseldorf<\/p><p>Awarded in:<br>Germany<\/p><p>The following professional regulations apply:<\/p><p>Professional Code of Conduct of the Medical Association North Rhine<br>viewable at:<br>https:\/\/www.aekno.de\/aerzte\/berufsordnung<\/p>\t\t\t\t\t\t\t\t<\/div>\n\t\t\t\t<\/div>\n\t\t\t\t<div class=\"elementor-element elementor-element-37f1ada elementor-widget elementor-widget-heading\" data-id=\"37f1ada\" data-element_type=\"widget\" data-e-type=\"widget\" data-widget_type=\"heading.default\">\n\t\t\t\t<div class=\"elementor-widget-container\">\n\t\t\t\t\t<h2 class=\"elementor-heading-title elementor-size-default\">Information on Professional Liability Insurance<\/h2>\t\t\t\t<\/div>\n\t\t\t\t<\/div>\n\t\t\t\t<div class=\"elementor-element elementor-element-4f846dd elementor-widget elementor-widget-text-editor\" data-id=\"4f846dd\" data-element_type=\"widget\" data-e-type=\"widget\" data-widget_type=\"text-editor.default\">\n\t\t\t\t<div class=\"elementor-widget-container\">\n\t\t\t\t\t\t\t\t\t<p><strong>Name and Registered Office of the Insurer:<\/strong><br>N\u00fcrnberger Allgemeine Vers. AG<br>Ostendstra\u00dfe 100<br>90334 N\u00fcrnberg <\/p><p><strong>Scope of Insurance Coverage:<\/strong><br>Germany, Austria<\/p>\t\t\t\t\t\t\t\t<\/div>\n\t\t\t\t<\/div>\n\t\t\t\t<div class=\"elementor-element elementor-element-c2296a0 elementor-widget elementor-widget-heading\" data-id=\"c2296a0\" data-element_type=\"widget\" data-e-type=\"widget\" data-widget_type=\"heading.default\">\n\t\t\t\t<div class=\"elementor-widget-container\">\n\t\t\t\t\t<h2 class=\"elementor-heading-title elementor-size-default\">Responsible for Content<\/h2>\t\t\t\t<\/div>\n\t\t\t\t<\/div>\n\t\t\t\t<div class=\"elementor-element elementor-element-cf8a820 elementor-widget elementor-widget-text-editor\" data-id=\"cf8a820\" data-element_type=\"widget\" data-e-type=\"widget\" data-widget_type=\"text-editor.default\">\n\t\t\t\t<div class=\"elementor-widget-container\">\n\t\t\t\t\t\t\t\t\t<p>Dr. med. univ. Maria Wiedner &amp;<br>Dr. med. Dirk F. Richter<br>Schloss Bensberg &#8211; Kadettenstrasse<br>51429 Bergisch Gladbach <\/p>\t\t\t\t\t\t\t\t<\/div>\n\t\t\t\t<\/div>\n\t\t\t\t<div class=\"elementor-element elementor-element-6a78ada elementor-widget elementor-widget-heading\" data-id=\"6a78ada\" data-element_type=\"widget\" data-e-type=\"widget\" data-widget_type=\"heading.default\">\n\t\t\t\t<div class=\"elementor-widget-container\">\n\t\t\t\t\t<h2 class=\"elementor-heading-title elementor-size-default\">Consumer Dispute Resolution\/Universal Arbitration Board<\/h2>\t\t\t\t<\/div>\n\t\t\t\t<\/div>\n\t\t\t\t<div class=\"elementor-element elementor-element-381ee48 elementor-widget elementor-widget-text-editor\" data-id=\"381ee48\" data-element_type=\"widget\" data-e-type=\"widget\" data-widget_type=\"text-editor.default\">\n\t\t\t\t<div class=\"elementor-widget-container\">\n\t\t\t\t\t\t\t\t\t<p>We are not willing or obliged to participate in dispute resolution proceedings before a consumer arbitration board.<br>Source:<br>https:\/\/www.e-recht24.de<\/p>\t\t\t\t\t\t\t\t<\/div>\n\t\t\t\t<\/div>\n\t\t\t\t\t<\/div>\n\t\t\t\t<\/div>\n\t\t\t\t<\/div>\n\t\t","protected":false},"excerpt":{"rendered":"<p>Imprint Imprint Maria WiednerInstitut Uniq &#8211; Dr. Richter | Dr. WiednerPractice for Plastic and Aesthetic SurgerySchloss Bensberg &#8211; KadettenstrasseVorderhaus Nord51429 Bergisch Gladbach Contact Phone: +49 221 98650900Email: info@institut-uniq.com VAT ID VAT Identification Number according to \u00a7 27 a Value Added Tax Act:DE347889579 Professional Title and Professional Regulations Professional Title:Specialists in Plastic and Aesthetic Surgery Competent [&hellip;]<\/p>\n","protected":false},"author":1,"featured_media":0,"parent":0,"menu_order":0,"comment_status":"closed","ping_status":"closed","template":"elementor_header_footer","meta":{"_acf_changed":false,"footnotes":""},"class_list":["post-7467","page","type-page","status-publish","hentry"],"acf":[],"yoast_head":"<!-- This site is optimized with the Yoast SEO plugin v27.3 - https:\/\/yoast.com\/product\/yoast-seo-wordpress\/ -->\n<title>Imprint \u2013 Institut Uniq | Dr. Richter &amp; Dr. Wiedner<\/title>\n<meta name=\"description\" content=\"Institut Uniq&#039;s Imprint contains contact information, professional title, chamber affiliation, and legal notices according to \u00a7 5 TMG.\" \/>\n<meta name=\"robots\" content=\"index, follow, max-snippet:-1, max-image-preview:large, max-video-preview:-1\" \/>\n<link rel=\"canonical\" href=\"https:\/\/institut-uniq.com\/en\/impressum\/\" \/>\n<meta property=\"og:locale\" content=\"en_US\" \/>\n<meta property=\"og:type\" content=\"article\" \/>\n<meta property=\"og:title\" content=\"Imprint \u2013 Institut Uniq | Dr. Richter &amp; Dr. Wiedner\" \/>\n<meta property=\"og:description\" content=\"Institut Uniq&#039;s Imprint contains contact information, professional title, chamber affiliation, and legal notices according to \u00a7 5 TMG.\" \/>\n<meta property=\"og:url\" content=\"https:\/\/institut-uniq.com\/en\/impressum\/\" \/>\n<meta property=\"og:site_name\" content=\"Institut Uniq\" \/>\n<meta property=\"article:modified_time\" content=\"2025-08-06T11:31:13+00:00\" \/>\n<meta property=\"og:image\" content=\"https:\/\/institut-uniq.com\/wp-content\/uploads\/2024\/09\/Logo_InstitutUniq_RGB_ZW_pos-ai.webp\" \/>\n<meta name=\"twitter:card\" content=\"summary_large_image\" \/>\n<meta name=\"twitter:label1\" content=\"Est. reading time\" \/>\n\t<meta name=\"twitter:data1\" content=\"1 minute\" \/>\n<script type=\"application\/ld+json\" class=\"yoast-schema-graph\">{\"@context\":\"https:\\\/\\\/schema.org\",\"@graph\":[{\"@type\":\"WebPage\",\"@id\":\"https:\\\/\\\/institut-uniq.com\\\/en\\\/impressum\\\/\",\"url\":\"https:\\\/\\\/institut-uniq.com\\\/en\\\/impressum\\\/\",\"name\":\"Imprint \u2013 Institut Uniq | Dr. Richter & Dr. Wiedner\",\"isPartOf\":{\"@id\":\"https:\\\/\\\/institut-uniq.com\\\/en\\\/#website\"},\"primaryImageOfPage\":{\"@id\":\"https:\\\/\\\/institut-uniq.com\\\/en\\\/impressum\\\/#primaryimage\"},\"image\":{\"@id\":\"https:\\\/\\\/institut-uniq.com\\\/en\\\/impressum\\\/#primaryimage\"},\"thumbnailUrl\":\"https:\\\/\\\/institut-uniq.com\\\/wp-content\\\/uploads\\\/2024\\\/09\\\/Logo_InstitutUniq_RGB_ZW_pos-ai.webp\",\"datePublished\":\"2024-09-16T06:49:00+00:00\",\"dateModified\":\"2025-08-06T11:31:13+00:00\",\"description\":\"Institut Uniq's Imprint contains contact information, professional title, chamber affiliation, and legal notices according to \u00a7 5 TMG.\",\"breadcrumb\":{\"@id\":\"https:\\\/\\\/institut-uniq.com\\\/en\\\/impressum\\\/#breadcrumb\"},\"inLanguage\":\"en-US\",\"potentialAction\":[{\"@type\":\"ReadAction\",\"target\":[\"https:\\\/\\\/institut-uniq.com\\\/en\\\/impressum\\\/\"]}]},{\"@type\":\"ImageObject\",\"inLanguage\":\"en-US\",\"@id\":\"https:\\\/\\\/institut-uniq.com\\\/en\\\/impressum\\\/#primaryimage\",\"url\":\"https:\\\/\\\/institut-uniq.com\\\/wp-content\\\/uploads\\\/2024\\\/09\\\/Logo_InstitutUniq_RGB_ZW_pos-ai.webp\",\"contentUrl\":\"https:\\\/\\\/institut-uniq.com\\\/wp-content\\\/uploads\\\/2024\\\/09\\\/Logo_InstitutUniq_RGB_ZW_pos-ai.webp\"},{\"@type\":\"BreadcrumbList\",\"@id\":\"https:\\\/\\\/institut-uniq.com\\\/en\\\/impressum\\\/#breadcrumb\",\"itemListElement\":[{\"@type\":\"ListItem\",\"position\":1,\"name\":\"Startseite\",\"item\":\"https:\\\/\\\/institut-uniq.com\\\/en\\\/home\\\/\"},{\"@type\":\"ListItem\",\"position\":2,\"name\":\"Imprint\"}]},{\"@type\":\"WebSite\",\"@id\":\"https:\\\/\\\/institut-uniq.com\\\/en\\\/#website\",\"url\":\"https:\\\/\\\/institut-uniq.com\\\/en\\\/\",\"name\":\"Institut Uniq\",\"description\":\"\",\"potentialAction\":[{\"@type\":\"SearchAction\",\"target\":{\"@type\":\"EntryPoint\",\"urlTemplate\":\"https:\\\/\\\/institut-uniq.com\\\/en\\\/?s={search_term_string}\"},\"query-input\":{\"@type\":\"PropertyValueSpecification\",\"valueRequired\":true,\"valueName\":\"search_term_string\"}}],\"inLanguage\":\"en-US\"}]}<\/script>\n<!-- \/ Yoast SEO plugin. -->","yoast_head_json":{"title":"Imprint \u2013 Institut Uniq | Dr. Richter & Dr. Wiedner","description":"Institut Uniq's Imprint contains contact information, professional title, chamber affiliation, and legal notices according to \u00a7 5 TMG.","robots":{"index":"index","follow":"follow","max-snippet":"max-snippet:-1","max-image-preview":"max-image-preview:large","max-video-preview":"max-video-preview:-1"},"canonical":"https:\/\/institut-uniq.com\/en\/impressum\/","og_locale":"en_US","og_type":"article","og_title":"Imprint \u2013 Institut Uniq | Dr. Richter & Dr. Wiedner","og_description":"Institut Uniq's Imprint contains contact information, professional title, chamber affiliation, and legal notices according to \u00a7 5 TMG.","og_url":"https:\/\/institut-uniq.com\/en\/impressum\/","og_site_name":"Institut Uniq","article_modified_time":"2025-08-06T11:31:13+00:00","og_image":[{"url":"https:\/\/institut-uniq.com\/wp-content\/uploads\/2024\/09\/Logo_InstitutUniq_RGB_ZW_pos-ai.webp","type":"","width":"","height":""}],"twitter_card":"summary_large_image","twitter_misc":{"Est. reading time":"1 minute"},"schema":{"@context":"https:\/\/schema.org","@graph":[{"@type":"WebPage","@id":"https:\/\/institut-uniq.com\/en\/impressum\/","url":"https:\/\/institut-uniq.com\/en\/impressum\/","name":"Imprint \u2013 Institut Uniq | Dr. Richter & Dr. Wiedner","isPartOf":{"@id":"https:\/\/institut-uniq.com\/en\/#website"},"primaryImageOfPage":{"@id":"https:\/\/institut-uniq.com\/en\/impressum\/#primaryimage"},"image":{"@id":"https:\/\/institut-uniq.com\/en\/impressum\/#primaryimage"},"thumbnailUrl":"https:\/\/institut-uniq.com\/wp-content\/uploads\/2024\/09\/Logo_InstitutUniq_RGB_ZW_pos-ai.webp","datePublished":"2024-09-16T06:49:00+00:00","dateModified":"2025-08-06T11:31:13+00:00","description":"Institut Uniq's Imprint contains contact information, professional title, chamber affiliation, and legal notices according to \u00a7 5 TMG.","breadcrumb":{"@id":"https:\/\/institut-uniq.com\/en\/impressum\/#breadcrumb"},"inLanguage":"en-US","potentialAction":[{"@type":"ReadAction","target":["https:\/\/institut-uniq.com\/en\/impressum\/"]}]},{"@type":"ImageObject","inLanguage":"en-US","@id":"https:\/\/institut-uniq.com\/en\/impressum\/#primaryimage","url":"https:\/\/institut-uniq.com\/wp-content\/uploads\/2024\/09\/Logo_InstitutUniq_RGB_ZW_pos-ai.webp","contentUrl":"https:\/\/institut-uniq.com\/wp-content\/uploads\/2024\/09\/Logo_InstitutUniq_RGB_ZW_pos-ai.webp"},{"@type":"BreadcrumbList","@id":"https:\/\/institut-uniq.com\/en\/impressum\/#breadcrumb","itemListElement":[{"@type":"ListItem","position":1,"name":"Startseite","item":"https:\/\/institut-uniq.com\/en\/home\/"},{"@type":"ListItem","position":2,"name":"Imprint"}]},{"@type":"WebSite","@id":"https:\/\/institut-uniq.com\/en\/#website","url":"https:\/\/institut-uniq.com\/en\/","name":"Institut Uniq","description":"","potentialAction":[{"@type":"SearchAction","target":{"@type":"EntryPoint","urlTemplate":"https:\/\/institut-uniq.com\/en\/?s={search_term_string}"},"query-input":{"@type":"PropertyValueSpecification","valueRequired":true,"valueName":"search_term_string"}}],"inLanguage":"en-US"}]}},"_links":{"self":[{"href":"https:\/\/institut-uniq.com\/en\/wp-json\/wp\/v2\/pages\/7467","targetHints":{"allow":["GET"]}}],"collection":[{"href":"https:\/\/institut-uniq.com\/en\/wp-json\/wp\/v2\/pages"}],"about":[{"href":"https:\/\/institut-uniq.com\/en\/wp-json\/wp\/v2\/types\/page"}],"author":[{"embeddable":true,"href":"https:\/\/institut-uniq.com\/en\/wp-json\/wp\/v2\/users\/1"}],"replies":[{"embeddable":true,"href":"https:\/\/institut-uniq.com\/en\/wp-json\/wp\/v2\/comments?post=7467"}],"version-history":[{"count":2,"href":"https:\/\/institut-uniq.com\/en\/wp-json\/wp\/v2\/pages\/7467\/revisions"}],"predecessor-version":[{"id":7469,"href":"https:\/\/institut-uniq.com\/en\/wp-json\/wp\/v2\/pages\/7467\/revisions\/7469"}],"wp:attachment":[{"href":"https:\/\/institut-uniq.com\/en\/wp-json\/wp\/v2\/media?parent=7467"}],"curies":[{"name":"wp","href":"https:\/\/api.w.org\/{rel}","templated":true}]}}